{"id":1598,"date":"2018-11-30T18:56:31","date_gmt":"2018-11-30T20:56:31","guid":{"rendered":"https:\/\/mundodeaventura.com.br\/blog\/?page_id=1598"},"modified":"2018-11-30T18:58:06","modified_gmt":"2018-11-30T20:58:06","slug":"sobre-nos","status":"publish","type":"page","link":"https:\/\/mundodeaventura.com.br\/blog\/sobre-nos\/","title":{"rendered":"Sobre N\u00f3s"},"content":{"rendered":"<p>Nosso blog foi criado a fim de proporcionar ao usu\u00e1rio um guia de lugares onde ele possa desenvolver novas aventuras com isso contamos tamb\u00e9m com a colabora\u00e7\u00e3o de todos para cadastrarmos mais e mais lugares assim compartilhando informa\u00e7\u00f5es para os iniciantes at\u00e9 os mais experientes.<\/p>\n","protected":false},"excerpt":{"rendered":"<p>Nosso blog foi criado a fim de proporcionar ao usu\u00e1rio um guia de lugares onde ele possa desenvolver novas aventuras<\/p>\n","protected":false},"author":1,"featured_media":1601,"parent":0,"menu_order":0,"comment_status":"closed","ping_status":"closed","template":"","meta":{"footnotes":""},"class_list":["post-1598","page","type-page","status-publish","has-post-thumbnail","hentry"],"aioseo_notices":[],"_links":{"self":[{"href":"https:\/\/mundodeaventura.com.br\/blog\/wp-json\/wp\/v2\/pages\/1598","targetHints":{"allow":["GET"]}}],"collection":[{"href":"https:\/\/mundodeaventura.com.br\/blog\/wp-json\/wp\/v2\/pages"}],"about":[{"href":"https:\/\/mundodeaventura.com.br\/blog\/wp-json\/wp\/v2\/types\/page"}],"author":[{"embeddable":true,"href":"https:\/\/mundodeaventura.com.br\/blog\/wp-json\/wp\/v2\/users\/1"}],"replies":[{"embeddable":true,"href":"https:\/\/mundodeaventura.com.br\/blog\/wp-json\/wp\/v2\/comments?post=1598"}],"version-history":[{"count":1,"href":"https:\/\/mundodeaventura.com.br\/blog\/wp-json\/wp\/v2\/pages\/1598\/revisions"}],"predecessor-version":[{"id":1600,"href":"https:\/\/mundodeaventura.com.br\/blog\/wp-json\/wp\/v2\/pages\/1598\/revisions\/1600"}],"wp:featuredmedia":[{"embeddable":true,"href":"https:\/\/mundodeaventura.com.br\/blog\/wp-json\/wp\/v2\/media\/1601"}],"wp:attachment":[{"href":"https:\/\/mundodeaventura.com.br\/blog\/wp-json\/wp\/v2\/media?parent=1598"}],"curies":[{"name":"wp","href":"https:\/\/api.w.org\/{rel}","templated":true}]}}