{"id":259,"date":"2018-11-30T17:39:15","date_gmt":"2018-11-30T19:39:15","guid":{"rendered":"https:\/\/mundodeaventura.com.br\/blog\/?page_id=259"},"modified":"2018-11-30T18:16:27","modified_gmt":"2018-11-30T20:16:27","slug":"politica-de-privacidade","status":"publish","type":"page","link":"https:\/\/mundodeaventura.com.br\/blog\/politica-de-privacidade\/","title":{"rendered":"Pol\u00edtica de privacidade"},"content":{"rendered":"<div class=\"entry-content\">\n<p>Este documento visa informar as responsabilidades e deveres que todo visitante assume ao cadastrar informa\u00e7\u00f5es no site MundodeAventura, sendo regido pelas condi\u00e7\u00f5es abaixo transcritas:<\/p>\n<p>O mundodeAventura \u00e9 um site que fornece informa\u00e7\u00f5es sobre campings, pesqueiros, ag\u00eancia de viagens e cidades tur\u00edsticas do Brasil e comercializa espa\u00e7os publicit\u00e1rios. O MundodeAventura n\u00e3o \u00e9 propriet\u00e1rio de campings, pesqueiros ou ag\u00eancia de viagens nem realiza reservas ou or\u00e7amentos de di\u00e1rias.<\/p>\n<ol>\n<li><strong>Conte\u00fados do site<\/strong><\/li>\n<\/ol>\n<p>1.1. As informa\u00e7\u00f5es dispon\u00edveis no site poder\u00e3o ser atualizadas ou modificadas periodicamente, ou canceladas, a exclusivo crit\u00e9rio do MundodeAventura, e n\u00e3o devem ser interpretadas como definitivas.<\/p>\n<p>1.2. O MundodeAventura envidar\u00e1 seus melhores esfor\u00e7os no sentido de manter as informa\u00e7\u00f5es e materiais contidos neste site t\u00e3o precisos, atualizados e completos quanto poss\u00edvel.<\/p>\n<p>1.3. O MundodeAventura n\u00e3o poder\u00e1 ser responsabilizado por qualquer perda ou dano, direto ou indireto, que decorram de qualquer imprecis\u00e3o ou falta de complemento das informa\u00e7\u00f5es contidas neste site e de qualquer decis\u00e3o ou a\u00e7\u00e3o tomada pelo usu\u00e1rio ou terceiros, com base nestas informa\u00e7\u00f5es.<\/p>\n<p>1.4. A menos que voc\u00ea tenha recebido autoriza\u00e7\u00e3o pr\u00e9via por escrito do MundodeAventura, voc\u00ea n\u00e3o deve: (a) copiar, traduzir, modificar ou realizar trabalhos derivados do conte\u00fado ou de qualquer parte dele; (b) redistribuir, sublicenciar, alugar, publicar, vender, designar, arrendar, comercializar, transferir ou de outra maneira disponibilizar o conte\u00fado para terceiros.<\/p>\n<ol start=\"2\">\n<li><strong>Cadastro de Ag\u00eancia de Viagens, Campings, e Pesqueiros<br \/>\n<\/strong><\/li>\n<\/ol>\n<p>2.1. Para se habilitar Cadastrar uma Ag\u00eancia de Viagens, Campings, e Pesqueiros, o usu\u00e1rio dever\u00e1 utilizar os formul\u00e1rios dispon\u00edveis na se\u00e7\u00e3o \u201cCadastro de Camping\u201d fornecendo informa\u00e7\u00f5es verdadeiras e exatas. Informa\u00e7\u00f5es de e-mail n\u00e3o ser\u00e3o divulgadas.<\/p>\n<p>2.2. Ao publicar conte\u00fados no site, o usu\u00e1rio cede textos, fotografias, sons, v\u00eddeos, dados, gr\u00e1ficos, tabelas e demais informa\u00e7\u00f5es para uso irrestrito do Mundodeaventura.<\/p>\n<p>2.3. O usu\u00e1rio compromete-se a verificar as informa\u00e7\u00f5es que estiver publicando, a fim de conferir corre\u00e7\u00e3o e exatid\u00e3o \u00e0s informa\u00e7\u00f5es.<\/p>\n<p>2.4. Todos os conte\u00fados ser\u00e3o moderados antes de sua publica\u00e7\u00e3o. O MundodeAventura far\u00e1 contato com o usu\u00e1rio que inseriu o conte\u00fado caso perceba que este n\u00e3o est\u00e1 adequado ao interesse, perfil ou linguagem do p\u00fablico-alvo.<\/p>\n<p>2.5. Qualquer camping inserido no site poder\u00e1 ser exclu\u00eddo caso o propriet\u00e1rio\/administrador deste camping solicite. O usu\u00e1rio que inseriu o camping ser\u00e1 informado da exclus\u00e3o caso o MundodeAventura julgue necess\u00e1rio.<\/p>\n<p>2.6. O MundodeAventura poder\u00e1, a qualquer tempo e a seu crit\u00e9rio, excluir ou n\u00e3o publicar, parcial ou integralmente, qualquer texto que infrinja as normas legais ou as regras deste termo de uso, ou ainda em decorr\u00eancia de den\u00fancias, sem que isto gere qualquer responsabilidade ao MundodeAventura ou direito ao usu\u00e1rio.<\/p>\n<p>2.7. Os conte\u00fados publicados n\u00e3o devem conter mensagens publicit\u00e1rias, material pornogr\u00e1fico, grosseiro, racista ou ofensivo; informa\u00e7\u00e3o sobre atividades ilegais e incita\u00e7\u00e3o ao crime; material calunioso; afirma\u00e7\u00f5es injuriosas ou difamat\u00f3rias.<\/p>\n<ol start=\"3\">\n<li><strong>Avalia\u00e7\u00f5es<\/strong><\/li>\n<\/ol>\n<p>3.1. O conte\u00fado das avalia\u00e7\u00f5es dos usu\u00e1rios publicados no site \u00e9 de \u00fanica e exclusiva responsabilidade do usu\u00e1rio e n\u00e3o representam a opini\u00e3o do MundodeAventura. O MundodeAventura n\u00e3o se responsabiliza por qualquer dano supostamente decorrente das opini\u00f5es e coment\u00e1rios efetuados por terceiros.<\/p>\n<p>3.2. Os coment\u00e1rios ser\u00e3o moderados e o MundodeAventura poder\u00e1, a qualquer tempo e a seu crit\u00e9rio, excluir ou n\u00e3o publicar, parcial ou integralmente, qualquer texto que infrinja as normas legais, o bom conv\u00edvio ou as regras deste termo de uso, ou ainda em decorr\u00eancia de den\u00fancias, sem que isto gere qualquer responsabilidade ao MundodeAventura ou direito ao usu\u00e1rio.<\/p>\n<p>3.3. Os coment\u00e1rios n\u00e3o devem conter mensagens publicit\u00e1rias, material pornogr\u00e1fico, grosseiro, racista ou ofensivo; informa\u00e7\u00e3o sobre atividades ilegais e incita\u00e7\u00e3o ao crime; material calunioso; afirma\u00e7\u00f5es injuriosas ou difamat\u00f3rias.<\/p>\n<p>3.4. \u00c9 proibido publicar qualquer material protegido por direitos autorais, sem a devida autoriza\u00e7\u00e3o do autor ou seu representante.<\/p>\n<ol start=\"4\">\n<li><strong>Forma de contato<\/strong><\/li>\n<\/ol>\n<p>4.1. O usu\u00e1rio pode entrar em contato com o MundodeAventura pelo e-mail\u00a0<strong>contato@mundodeaventura.com.br<\/strong>.<\/p>\n<ol start=\"5\">\n<li><strong>Cadastro de E-mail<\/strong><\/li>\n<\/ol>\n<p>5.1 Ao utilizar qualquer formul\u00e1rio do site, o e-mail do usu\u00e1rio ser\u00e1 adicionado ao nosso cadastro de e-mails, para uso exclusivo do MundodeAventura. Isso n\u00e3o ser\u00e1 repassado a terceiros.<\/p>\n<p>5.2 Qualquer e-mail adicionado ao nosso cadastro de e-mails poder\u00e1 optar por n\u00e3o receber nossos informativos. Para isso basta clicar em \u201cDescadastrar\u00a0meu e-mail\u201d localizado no rodap\u00e9 de todos os e-mails.<\/p>\n<ol start=\"6\">\n<li><strong>Aceita\u00e7\u00e3o dos Termos de Uso do site MundodeAventura<\/strong><\/li>\n<\/ol>\n<p>6.1 Ao colaborar com o site MundodeAventura fica caracterizado que o usu\u00e1rio leu, entendeu e concordou com as condi\u00e7\u00f5es previstas nos Termos de Uso. Caso o usu\u00e1rio n\u00e3o concorde com as condi\u00e7\u00f5es previstas no referido documento, n\u00e3o dever\u00e1 colaborar com o site. O MundodeAventura poder\u00e1 alterar estes Termos de Uso a qualquer momento.<\/p>\n<p>7.<strong> Os an\u00fancios<\/strong><\/p>\n<p>7.1 Tal como outros websites, coletamos e utilizamos informa\u00e7\u00e3o contida nos an\u00fancios. A informa\u00e7\u00e3o contida nos an\u00fancios, inclui o seu endere\u00e7o IP (Internet Protocol), o seu ISP (Internet Service Provider, como o Sapo, Clix, ou outro), o browser que utilizou ao visitar o nosso website (como o Internet Explorer ou o Firefox), o tempo da sua visita e que p\u00e1ginas visitou dentro do nosso website.<\/p>\n<p>8. <strong>Os Cookies e Web Beacons<\/strong><\/p>\n<p>8.1 Utilizamos cookies para armazenar informa\u00e7\u00e3o, tais como as suas prefer\u00eancias pessoas quando visita o nosso website. Isto poder\u00e1 incluir um simples popup, ou uma liga\u00e7\u00e3o em v\u00e1rios servi\u00e7os que providenciamos, tais como f\u00f3runs.<\/p>\n<p>Em adi\u00e7\u00e3o tamb\u00e9m utilizamos publicidade de terceiros no nosso website para suportar os custos de manuten\u00e7\u00e3o. Alguns destes publicit\u00e1rios, poder\u00e3o utilizar tecnologias como os cookies e\/ou web beacons quando publicitam no nosso website, o que far\u00e1 com que esses publicit\u00e1rios (como o Google atrav\u00e9s do Google AdSense) tamb\u00e9m recebam a sua informa\u00e7\u00e3o pessoal, como o endere\u00e7o IP, o seu ISP, o seu browser, etc. Esta fun\u00e7\u00e3o \u00e9 geralmente utilizada para geotargeting (mostrar publicidade de Lisboa apenas aos leitores oriundos de Lisboa por ex.) ou apresentar publicidade direcionada a um tipo de utilizador (como mostrar publicidade de restaurante a um utilizador que visita sites de culin\u00e1ria regularmente, por ex.).<\/p>\n<p>Voc\u00ea det\u00e9m o poder de desligar os seus cookies, nas op\u00e7\u00f5es do seu browser, ou efetuando altera\u00e7\u00f5es nas ferramentas de programas Anti-Virus, como o Norton Internet Security. No entanto, isso poder\u00e1 alterar a forma como interage com o nosso website, ou outros websites. Isso poder\u00e1 afetar ou n\u00e3o permitir que fa\u00e7a logins em programas, sites ou f\u00f3runs da nossa e de outras redes.<\/p>\n<p>9.<strong> Liga\u00e7\u00f5es a Sites de terceiros<\/strong><\/p>\n<p>9.1 O MundodeAventura possui liga\u00e7\u00f5es para outros sites, os quais, a nosso ver, podem conter informa\u00e7\u00f5es \/ ferramentas \u00fateis para os nossos visitantes. A nossa pol\u00edtica de privacidade n\u00e3o \u00e9 aplicada a sites de terceiros, pelo que, caso visite outro site a partir do nosso dever\u00e1 ler a politica de privacidade do mesmo.<\/p>\n<p>N\u00e3o nos responsabilizamos pela pol\u00edtica de privacidade ou conte\u00fado presente nesses mesmos sites.<\/p>\n<\/div>\n","protected":false},"excerpt":{"rendered":"<p>Este documento visa informar as responsabilidades e deveres que todo visitante assume ao cadastrar informa\u00e7\u00f5es no site MundodeAventura, sendo regido<\/p>\n","protected":false},"author":1,"featured_media":0,"parent":0,"menu_order":0,"comment_status":"closed","ping_status":"closed","template":"","meta":{"footnotes":""},"class_list":["post-259","page","type-page","status-publish","hentry"],"aioseo_notices":[],"_links":{"self":[{"href":"https:\/\/mundodeaventura.com.br\/blog\/wp-json\/wp\/v2\/pages\/259","targetHints":{"allow":["GET"]}}],"collection":[{"href":"https:\/\/mundodeaventura.com.br\/blog\/wp-json\/wp\/v2\/pages"}],"about":[{"href":"https:\/\/mundodeaventura.com.br\/blog\/wp-json\/wp\/v2\/types\/page"}],"author":[{"embeddable":true,"href":"https:\/\/mundodeaventura.com.br\/blog\/wp-json\/wp\/v2\/users\/1"}],"replies":[{"embeddable":true,"href":"https:\/\/mundodeaventura.com.br\/blog\/wp-json\/wp\/v2\/comments?post=259"}],"version-history":[{"count":6,"href":"https:\/\/mundodeaventura.com.br\/blog\/wp-json\/wp\/v2\/pages\/259\/revisions"}],"predecessor-version":[{"id":1588,"href":"https:\/\/mundodeaventura.com.br\/blog\/wp-json\/wp\/v2\/pages\/259\/revisions\/1588"}],"wp:attachment":[{"href":"https:\/\/mundodeaventura.com.br\/blog\/wp-json\/wp\/v2\/media?parent=259"}],"curies":[{"name":"wp","href":"https:\/\/api.w.org\/{rel}","templated":true}]}}